{"id":2123,"date":"2024-08-25T08:51:24","date_gmt":"2024-08-25T12:51:24","guid":{"rendered":"https:\/\/bryson.ottawavalleymedia.ca\/?page_id=2123"},"modified":"2025-06-17T14:08:16","modified_gmt":"2025-06-17T18:08:16","slug":"emergency-services","status":"publish","type":"page","link":"https:\/\/bryson.ca\/en\/residents\/emergency-services\/","title":{"rendered":"Emergency services"},"content":{"rendered":"\t\t<div data-elementor-type=\"wp-page\" data-elementor-id=\"2123\" class=\"elementor elementor-2123 elementor-142\" data-elementor-post-type=\"page\">\n\t\t\t\t<div class=\"elementor-element elementor-element-33c0ee2 e-flex e-con-boxed e-con e-parent\" data-id=\"33c0ee2\" data-element_type=\"container\" data-e-type=\"container\">\n\t\t\t\t\t<div class=\"e-con-inner\">\n\t\t<div class=\"elementor-element elementor-element-391845a e-con-full e-flex e-con e-child\" data-id=\"391845a\" data-element_type=\"container\" data-e-type=\"container\">\n\t\t\t\t<div class=\"elementor-element elementor-element-bb1709b elementor-widget elementor-widget-heading\" data-id=\"bb1709b\" data-element_type=\"widget\" data-e-type=\"widget\" data-widget_type=\"heading.default\">\n\t\t\t\t<div class=\"elementor-widget-container\">\n\t\t\t\t\t<h2 class=\"elementor-heading-title elementor-size-default\">911 Emergencies<\/h2>\t\t\t\t<\/div>\n\t\t\t\t<\/div>\n\t\t\t\t<div class=\"elementor-element elementor-element-a9d74f9 elementor-widget elementor-widget-text-editor\" data-id=\"a9d74f9\" data-element_type=\"widget\" data-e-type=\"widget\" data-widget_type=\"text-editor.default\">\n\t\t\t\t<div class=\"elementor-widget-container\">\n\t\t\t\t\t\t\t\t\t<p><strong>To reach the police, ambulance or fire department, dial 911.<\/strong><\/p><p><br \/>The 911 emergency call center will contact one or other of these services depending on the response required.<\/p>\t\t\t\t\t\t\t\t<\/div>\n\t\t\t\t<\/div>\n\t\t\t\t<div class=\"elementor-element elementor-element-2e9d303 elementor-widget elementor-widget-heading\" data-id=\"2e9d303\" data-element_type=\"widget\" data-e-type=\"widget\" data-widget_type=\"heading.default\">\n\t\t\t\t<div class=\"elementor-widget-container\">\n\t\t\t\t\t<h2 class=\"elementor-heading-title elementor-size-default\">Police<\/h2>\t\t\t\t<\/div>\n\t\t\t\t<\/div>\n\t\t\t\t<div class=\"elementor-element elementor-element-4f283db elementor-widget elementor-widget-text-editor\" data-id=\"4f283db\" data-element_type=\"widget\" data-e-type=\"widget\" data-widget_type=\"text-editor.default\">\n\t\t\t\t<div class=\"elementor-widget-container\">\n\t\t\t\t\t\t\t\t\t<p>The municipality of Bryson is served by the S\u00fbret\u00e9 du Qu\u00e9bec. For non-emergency calls, please contact the S\u00fbret\u00e9 du Qu\u00e9bec at <a href=\"http:\/\/819 648-2141\" data-wplink-url-error=\"true\"><strong>819 648-2141<\/strong><\/a>.<\/p>\t\t\t\t\t\t\t\t<\/div>\n\t\t\t\t<\/div>\n\t\t\t\t<div class=\"elementor-element elementor-element-c800e69 elementor-widget elementor-widget-heading\" data-id=\"c800e69\" data-element_type=\"widget\" data-e-type=\"widget\" data-widget_type=\"heading.default\">\n\t\t\t\t<div class=\"elementor-widget-container\">\n\t\t\t\t\t<h2 class=\"elementor-heading-title elementor-size-default\">Fire<\/h2>\t\t\t\t<\/div>\n\t\t\t\t<\/div>\n\t\t\t\t<div class=\"elementor-element elementor-element-c336052 elementor-widget elementor-widget-text-editor\" data-id=\"c336052\" data-element_type=\"widget\" data-e-type=\"widget\" data-widget_type=\"text-editor.default\">\n\t\t\t\t<div class=\"elementor-widget-container\">\n\t\t\t\t\t\t\t\t\t<p style=\"padding-left: 40px;\"><a href=\"https:\/\/maps.app.goo.gl\/9Z3mmvfDhXQGrumB8\" target=\"_blank\" rel=\"noopener\"><em>833 Principale, <\/em><br \/><em>Bryson, QC <\/em><br \/><em>J0X 1H0<\/em><\/a><\/p>\t\t\t\t\t\t\t\t<\/div>\n\t\t\t\t<\/div>\n\t\t\t\t<\/div>\n\t\t<div class=\"elementor-element elementor-element-fc85ab4 e-con-full e-flex e-con e-child\" data-id=\"fc85ab4\" data-element_type=\"container\" data-e-type=\"container\">\n\t\t\t\t<div class=\"elementor-element elementor-element-45e3aa4 elementor-widget elementor-widget-heading\" data-id=\"45e3aa4\" data-element_type=\"widget\" data-e-type=\"widget\" data-widget_type=\"heading.default\">\n\t\t\t\t<div class=\"elementor-widget-container\">\n\t\t\t\t\t<h2 class=\"elementor-heading-title elementor-size-default\">Other Important Numbers<\/h2>\t\t\t\t<\/div>\n\t\t\t\t<\/div>\n\t\t\t\t<div class=\"elementor-element elementor-element-063eed3 elementor-widget elementor-widget-text-editor\" data-id=\"063eed3\" data-element_type=\"widget\" data-e-type=\"widget\" data-widget_type=\"text-editor.default\">\n\t\t\t\t<div class=\"elementor-widget-container\">\n\t\t\t\t\t\t\t\t\t<ul><li><strong>Violence Conjugale (S.O.S.): <\/strong><a href=\"http:\/\/1-800-363-9010\" data-wplink-url-error=\"true\">1-800-363-9010\u00a0<\/a><\/li><li><strong>Quebec Poison Control Centre: <a href=\"http:\/\/1 800-463-5060\" data-wplink-url-error=\"true\">1-800-463-5060<\/a><\/strong><\/li><li><strong>Info-sant\u00e9: <a href=\"http:\/\/811\" data-wplink-url-error=\"true\">811<\/a><\/strong><\/li><li><strong>Youth Protection: <\/strong>(24 hours a day, 7 days a week)<strong>\u00a0<a href=\"http:\/\/1-800-567-6810\" data-wplink-url-error=\"true\">1-800-567-6810<\/a><\/strong>\u00a0<\/li><li><strong>Parents anonymes: <a href=\"http:\/\/1-800-361-5085\" data-wplink-url-error=\"true\">1-800-361-5085<\/a><\/strong><\/li><li><strong>Center de pr\u00e9vention du suicide de Qu\u00e9bec: <a href=\"http:\/\/418-683-4588\" data-wplink-url-error=\"true\">418-683-4588\u00a0<\/a><\/strong><\/li><li><strong>Animal control:<\/strong>\u00a0Jacques Fortin (paging between 8:00 a.m. and 5:00 p.m.; otherwise contact the SQ)<a href=\"http:\/\/819-665-8333\" data-wplink-url-error=\"true\"><strong> 819-665-8333<\/strong><\/a><\/li><\/ul>\t\t\t\t\t\t\t\t<\/div>\n\t\t\t\t<\/div>\n\t\t\t\t<\/div>\n\t\t\t\t\t<\/div>\n\t\t\t\t<\/div>\n\t\t\t\t<\/div>\n\t\t","protected":false},"excerpt":{"rendered":"<p>911 Emergencies To reach the police, ambulance or fire department, dial 911. The 911 emergency call center will contact one or other of these services depending on the response required. Police The municipality of Bryson is served by the S\u00fbret\u00e9 du Qu\u00e9bec. For non-emergency calls, please contact the S\u00fbret\u00e9 du Qu\u00e9bec at 819 648-2141. Fire [&hellip;]<\/p>\n","protected":false},"author":5,"featured_media":2566,"parent":2111,"menu_order":0,"comment_status":"closed","ping_status":"closed","template":"","meta":{"_acf_changed":false,"footnotes":""},"class_list":["post-2123","page","type-page","status-publish","has-post-thumbnail","hentry"],"acf":[],"_links":{"self":[{"href":"https:\/\/bryson.ca\/en\/wp-json\/wp\/v2\/pages\/2123","targetHints":{"allow":["GET"]}}],"collection":[{"href":"https:\/\/bryson.ca\/en\/wp-json\/wp\/v2\/pages"}],"about":[{"href":"https:\/\/bryson.ca\/en\/wp-json\/wp\/v2\/types\/page"}],"author":[{"embeddable":true,"href":"https:\/\/bryson.ca\/en\/wp-json\/wp\/v2\/users\/5"}],"replies":[{"embeddable":true,"href":"https:\/\/bryson.ca\/en\/wp-json\/wp\/v2\/comments?post=2123"}],"version-history":[{"count":5,"href":"https:\/\/bryson.ca\/en\/wp-json\/wp\/v2\/pages\/2123\/revisions"}],"predecessor-version":[{"id":6011,"href":"https:\/\/bryson.ca\/en\/wp-json\/wp\/v2\/pages\/2123\/revisions\/6011"}],"up":[{"embeddable":true,"href":"https:\/\/bryson.ca\/en\/wp-json\/wp\/v2\/pages\/2111"}],"wp:featuredmedia":[{"embeddable":true,"href":"https:\/\/bryson.ca\/en\/wp-json\/wp\/v2\/media\/2566"}],"wp:attachment":[{"href":"https:\/\/bryson.ca\/en\/wp-json\/wp\/v2\/media?parent=2123"}],"curies":[{"name":"wp","href":"https:\/\/api.w.org\/{rel}","templated":true}]}}