{"id":2105,"date":"2024-08-25T08:15:49","date_gmt":"2024-08-25T12:15:49","guid":{"rendered":"https:\/\/bryson.ottawavalleymedia.ca\/?page_id=2105"},"modified":"2026-02-18T14:01:50","modified_gmt":"2026-02-18T19:01:50","slug":"council-meetings","status":"publish","type":"page","link":"https:\/\/bryson.ca\/en\/municipality\/council-meetings\/","title":{"rendered":"Council meetings"},"content":{"rendered":"\t\t<div data-elementor-type=\"wp-page\" data-elementor-id=\"2105\" class=\"elementor elementor-2105 elementor-105\" data-elementor-post-type=\"page\">\n\t\t\t\t<div class=\"elementor-element elementor-element-ba54ffa e-flex e-con-boxed e-con e-parent\" data-id=\"ba54ffa\" data-element_type=\"container\" data-e-type=\"container\">\n\t\t\t\t\t<div class=\"e-con-inner\">\n\t\t<div class=\"elementor-element elementor-element-30f832d e-con-full e-flex e-con e-child\" data-id=\"30f832d\" data-element_type=\"container\" data-e-type=\"container\">\n\t\t\t\t<div class=\"elementor-element elementor-element-e29295a elementor-widget elementor-widget-text-editor\" data-id=\"e29295a\" data-element_type=\"widget\" data-e-type=\"widget\" data-widget_type=\"text-editor.default\">\n\t\t\t\t<div class=\"elementor-widget-container\">\n\t\t\t\t\t\t\t\t\t<p>Bryson\u2019s municipal council meetings are essential for discussing the municipality\u2019s priorities. Open to the public, they promote transparency and citizen participation. Residents are encouraged to attend to stay informed about local projects and community initiatives. The council is committed to addressing the needs of the population.<\/p>\t\t\t\t\t\t\t\t<\/div>\n\t\t\t\t<\/div>\n\t\t\t\t<\/div>\n\t\t<div class=\"elementor-element elementor-element-996a9b0 e-con-full e-flex e-con e-child\" data-id=\"996a9b0\" data-element_type=\"container\" data-e-type=\"container\">\n\t\t\t\t<div class=\"elementor-element elementor-element-72228c2 elementor-widget elementor-widget-image\" data-id=\"72228c2\" data-element_type=\"widget\" data-e-type=\"widget\" data-widget_type=\"image.default\">\n\t\t\t\t<div class=\"elementor-widget-container\">\n\t\t\t\t\t\t\t\t\t\t\t\t\t\t\t<img fetchpriority=\"high\" decoding=\"async\" width=\"2560\" height=\"1707\" src=\"https:\/\/bryson.ca\/wp-content\/uploads\/2025\/02\/V09C8983-scaled-1.webp\" class=\"attachment-full size-full wp-image-3192\" alt=\"\" srcset=\"https:\/\/bryson.ca\/wp-content\/uploads\/2025\/02\/V09C8983-scaled-1.webp 2560w, https:\/\/bryson.ca\/wp-content\/uploads\/2025\/02\/V09C8983-scaled-1-300x200.webp 300w, https:\/\/bryson.ca\/wp-content\/uploads\/2025\/02\/V09C8983-scaled-1-1024x683.webp 1024w, https:\/\/bryson.ca\/wp-content\/uploads\/2025\/02\/V09C8983-scaled-1-768x512.webp 768w, https:\/\/bryson.ca\/wp-content\/uploads\/2025\/02\/V09C8983-scaled-1-1536x1024.webp 1536w, https:\/\/bryson.ca\/wp-content\/uploads\/2025\/02\/V09C8983-scaled-1-2048x1366.webp 2048w\" sizes=\"(max-width: 2560px) 100vw, 2560px\" \/>\t\t\t\t\t\t\t\t\t\t\t\t\t\t\t<\/div>\n\t\t\t\t<\/div>\n\t\t\t\t<\/div>\n\t\t\t\t\t<\/div>\n\t\t\t\t<\/div>\n\t\t<div class=\"elementor-element elementor-element-e734fbf e-flex e-con-boxed e-con e-parent\" data-id=\"e734fbf\" data-element_type=\"container\" data-e-type=\"container\">\n\t\t\t\t\t<div class=\"e-con-inner\">\n\t\t<div class=\"elementor-element elementor-element-d88066a e-con-full e-flex e-con e-child\" data-id=\"d88066a\" data-element_type=\"container\" data-e-type=\"container\">\n\t\t<div class=\"elementor-element elementor-element-6d2c3e8 e-con-full e-flex e-con e-child\" data-id=\"6d2c3e8\" data-element_type=\"container\" data-e-type=\"container\">\n\t\t\t\t<div class=\"elementor-element elementor-element-9a55cb7 elementor-widget elementor-widget-heading\" data-id=\"9a55cb7\" data-element_type=\"widget\" data-e-type=\"widget\" data-widget_type=\"heading.default\">\n\t\t\t\t<div class=\"elementor-widget-container\">\n\t\t\t\t\t<h2 class=\"elementor-heading-title elementor-size-default\">Upcoming meetings<\/h2>\t\t\t\t<\/div>\n\t\t\t\t<\/div>\n\t\t\t\t<div class=\"elementor-element elementor-element-e357582 elementor-widget elementor-widget-html\" data-id=\"e357582\" data-element_type=\"widget\" data-e-type=\"widget\" data-widget_type=\"html.default\">\n\t\t\t\t<div class=\"elementor-widget-container\">\n\t\t\t\t\t<div class=\"current-council-meetings-grid-container\">\r\n<div class=\"em em-view-container\" id=\"em-view-199579420\" data-view=\"list-grouped\">\r\n\t<div class=\"em pixelbones em-list em-events-list em-events-list-grouped\" id=\"em-events-list-grouped-199579420\">\r\n\t\r\n\r\n<a href=\"https:\/\/bryson.ca\/en\/events\/reunion-du-conseil-21\/\" class=\"current-council-meeting-grid-item\">\r\n  <div class=\"current-meeting-date\">June 1, 2026<\/div>\r\n  <div class=\"current-meeting-title\">Council Meeting<\/div>\r\n<\/a>\r\n\r\n\r\n\r\n<a href=\"https:\/\/bryson.ca\/en\/events\/reunion-du-conseil-29\/\" class=\"current-council-meeting-grid-item\">\r\n  <div class=\"current-meeting-date\">July 6, 2026<\/div>\r\n  <div class=\"current-meeting-title\">Council Meeting<\/div>\r\n<\/a>\r\n\r\n\r\n\r\n<a href=\"https:\/\/bryson.ca\/en\/events\/reunion-du-conseil-36\/\" class=\"current-council-meeting-grid-item\">\r\n  <div class=\"current-meeting-date\">August 3, 2026<\/div>\r\n  <div class=\"current-meeting-title\">Council Meeting<\/div>\r\n<\/a>\r\n\r\n\r\n\r\n<a href=\"https:\/\/bryson.ca\/en\/events\/reunion-du-conseil-37\/\" class=\"current-council-meeting-grid-item\">\r\n  <div class=\"current-meeting-date\">September 8, 2026<\/div>\r\n  <div class=\"current-meeting-title\">Council Meeting<\/div>\r\n<\/a>\r\n\r\n\r\n\r\n<a href=\"https:\/\/bryson.ca\/en\/events\/reunion-du-conseil-38\/\" class=\"current-council-meeting-grid-item\">\r\n  <div class=\"current-meeting-date\">October 5, 2026<\/div>\r\n  <div class=\"current-meeting-title\">Council Meeting<\/div>\r\n<\/a>\r\n\r\n\r\n\r\n<a href=\"https:\/\/bryson.ca\/en\/events\/reunion-du-conseil-39\/\" class=\"current-council-meeting-grid-item\">\r\n  <div class=\"current-meeting-date\">November 2, 2026<\/div>\r\n  <div class=\"current-meeting-title\">Council Meeting<\/div>\r\n<\/a>\r\n\r\n\r\n\r\n<a href=\"https:\/\/bryson.ca\/en\/events\/reunion-du-conseil-40\/\" class=\"current-council-meeting-grid-item\">\r\n  <div class=\"current-meeting-date\">December 7, 2026<\/div>\r\n  <div class=\"current-meeting-title\">Council Meeting<\/div>\r\n<\/a>\r\n\r\n\t<\/div>\r\n<\/div>\r\n<\/div>\r\n\t\t\t\t<\/div>\n\t\t\t\t<\/div>\n\t\t\t\t<\/div>\n\t\t<div class=\"elementor-element elementor-element-e00414e e-con-full e-flex e-con e-child\" data-id=\"e00414e\" data-element_type=\"container\" data-e-type=\"container\">\n\t\t\t\t<div class=\"elementor-element elementor-element-bafe01e elementor-widget elementor-widget-heading\" data-id=\"bafe01e\" data-element_type=\"widget\" data-e-type=\"widget\" data-widget_type=\"heading.default\">\n\t\t\t\t<div class=\"elementor-widget-container\">\n\t\t\t\t\t<h2 class=\"elementor-heading-title elementor-size-default\">Previous meetings and minutes<\/h2>\t\t\t\t<\/div>\n\t\t\t\t<\/div>\n\t\t\t\t<div class=\"elementor-element elementor-element-58da000 elementor-widget elementor-widget-text-editor\" data-id=\"58da000\" data-element_type=\"widget\" data-e-type=\"widget\" data-widget_type=\"text-editor.default\">\n\t\t\t\t<div class=\"elementor-widget-container\">\n\t\t\t\t\t\t\t\t\t<p>Vous trouverez ci-dessous les ordres du jour et les proc\u00e8s-verbaux des derni\u00e8res r\u00e9unions des conseils. Pour obtenir une copie des proc\u00e8s-verbaux du conseil qui ne peuvent \u00eatre t\u00e9l\u00e9charg\u00e9s sur cette page, s\u2019il vous pla\u00eet, contactez-nous.<\/p>\t\t\t\t\t\t\t\t<\/div>\n\t\t\t\t<\/div>\n\t\t<div class=\"elementor-element elementor-element-dbc8967 e-con-full e-flex e-con e-child\" data-id=\"dbc8967\" data-element_type=\"container\" data-e-type=\"container\">\n\t\t<div class=\"elementor-element elementor-element-61a4a9c e-con-full e-flex e-con e-child\" data-id=\"61a4a9c\" data-element_type=\"container\" data-e-type=\"container\">\n\t\t\t\t<div class=\"elementor-element elementor-element-f8ba595 elementor-widget elementor-widget-heading\" data-id=\"f8ba595\" data-element_type=\"widget\" data-e-type=\"widget\" data-widget_type=\"heading.default\">\n\t\t\t\t<div class=\"elementor-widget-container\">\n\t\t\t\t\t<h3 class=\"elementor-heading-title elementor-size-default\">Budget &amp; Finance<\/h3>\t\t\t\t<\/div>\n\t\t\t\t<\/div>\n\t\t\t\t<div class=\"elementor-element elementor-element-56cb675 elementor-widget__width-inherit elementor-widget elementor-widget-html\" data-id=\"56cb675\" data-element_type=\"widget\" data-e-type=\"widget\" data-widget_type=\"html.default\">\n\t\t\t\t<div class=\"elementor-widget-container\">\n\t\t\t\t\t<div class=\"em em-view-container\" id=\"em-view-642651195\" data-view=\"list-grouped\">\r\n\t<div class=\"em pixelbones em-list em-events-list em-events-list-grouped\" id=\"em-events-list-grouped-642651195\">\r\n\t\r\n\r\n\r\n\r\n<a href=\"https:\/\/bryson.ca\/en\/events\/budget-meeting\/\" class=\"budget-meeting-grid-item\">\r\n  <div class=\"budget-meeting-date\">February 9, 2026<\/div>\r\n<\/a>\r\n\r\n\r\n\r\n<\/td><\/tr><\/table>\t<\/div>\r\n<\/div>\r\n\t\t\t\t<\/div>\n\t\t\t\t<\/div>\n\t\t\t\t<\/div>\n\t\t<div class=\"elementor-element elementor-element-56179e1 e-con-full e-flex e-con e-child\" data-id=\"56179e1\" data-element_type=\"container\" data-e-type=\"container\">\n\t\t<div class=\"elementor-element elementor-element-cb0660c e-con-full e-flex e-con e-child\" data-id=\"cb0660c\" data-element_type=\"container\" data-e-type=\"container\">\n\t\t\t\t<div class=\"elementor-element elementor-element-d290449 elementor-widget elementor-widget-heading\" data-id=\"d290449\" data-element_type=\"widget\" data-e-type=\"widget\" data-widget_type=\"heading.default\">\n\t\t\t\t<div class=\"elementor-widget-container\">\n\t\t\t\t\t<h3 class=\"elementor-heading-title elementor-size-default\">Archives<\/h3>\t\t\t\t<\/div>\n\t\t\t\t<\/div>\n\t\t\t\t<div class=\"elementor-element elementor-element-637d0ef elementor-widget elementor-widget-text-editor\" data-id=\"637d0ef\" data-element_type=\"widget\" data-e-type=\"widget\" data-widget_type=\"text-editor.default\">\n\t\t\t\t<div class=\"elementor-widget-container\">\n\t\t\t\t\t\t\t\t\t<p><a href=\"https:\/\/bryson.ca\/wp-content\/uploads\/2025\/02\/2023-minutes.zip\">2023<\/a><\/p>\t\t\t\t\t\t\t\t<\/div>\n\t\t\t\t<\/div>\n\t\t\t\t<\/div>\n\t\t\t\t<\/div>\n\t\t\t\t<\/div>\n\t\t\t\t<\/div>\n\t\t\t\t<\/div>\n\t\t<div class=\"elementor-element elementor-element-eda1e41 e-con-full e-flex e-con e-child\" data-id=\"eda1e41\" data-element_type=\"container\" data-e-type=\"container\">\n\t\t\t\t<div class=\"elementor-element elementor-element-1437f15 elementor-widget elementor-widget-heading\" data-id=\"1437f15\" data-element_type=\"widget\" data-e-type=\"widget\" data-widget_type=\"heading.default\">\n\t\t\t\t<div class=\"elementor-widget-container\">\n\t\t\t\t\t<h2 class=\"elementor-heading-title elementor-size-default\">Past Meetings<\/h2>\t\t\t\t<\/div>\n\t\t\t\t<\/div>\n\t\t\t\t<div class=\"elementor-element elementor-element-45ac917 elementor-widget elementor-widget-html\" data-id=\"45ac917\" data-element_type=\"widget\" data-e-type=\"widget\" data-widget_type=\"html.default\">\n\t\t\t\t<div class=\"elementor-widget-container\">\n\t\t\t\t\t<div class=\"em em-view-container\" id=\"em-view-1487392065\" data-view=\"list-grouped\">\r\n\t<div class=\"em pixelbones em-list em-events-list em-events-list-grouped\" id=\"em-events-list-grouped-1487392065\">\r\n\t\r\n\r\n\r\n<a href=\"https:\/\/bryson.ca\/en\/events\/reunion-de-conseil\/\" class=\"past-council-meeting-grid-item\">\r\n  <div class=\"past-meeting-date\">April 7, 2026<\/div>\r\n  <div class=\"past-meeting-title\">Council Meeting<\/div>\r\n<\/a>\r\n\r\n\r\n\r\n\r\n\r\n\r\n<a href=\"https:\/\/bryson.ca\/en\/events\/budget-meeting\/\" class=\"past-council-meeting-grid-item\">\r\n  <div class=\"past-meeting-date\">February 9, 2026<\/div>\r\n  <div class=\"past-meeting-title\">Budget Meeting<\/div>\r\n<\/a>\r\n\r\n\r\n\r\n\r\n\r\n\r\n<a href=\"https:\/\/bryson.ca\/en\/events\/council-meeting-of-minutes-18\/\" class=\"past-council-meeting-grid-item\">\r\n  <div class=\"past-meeting-date\">December 15, 2025<\/div>\r\n  <div class=\"past-meeting-title\">Council Meeting<\/div>\r\n<\/a>\r\n\r\n\r\n\r\n\r\n\r\n\r\n<a href=\"https:\/\/bryson.ca\/en\/events\/council-meeting-of-minutes-17\/\" class=\"past-council-meeting-grid-item\">\r\n  <div class=\"past-meeting-date\">November 24, 2025<\/div>\r\n  <div class=\"past-meeting-title\">Council Meeting<\/div>\r\n<\/a>\r\n\r\n\r\n\r\n\r\n\r\n\r\n<a href=\"https:\/\/bryson.ca\/en\/events\/council-meeting-of-minutes-16\/\" class=\"past-council-meeting-grid-item\">\r\n  <div class=\"past-meeting-date\">October 1, 2025<\/div>\r\n  <div class=\"past-meeting-title\">Council Meeting<\/div>\r\n<\/a>\r\n\r\n\r\n\r\n\r\n\r\n\r\n<a href=\"https:\/\/bryson.ca\/en\/events\/council-meeting-of-minutes-15\/\" class=\"past-council-meeting-grid-item\">\r\n  <div class=\"past-meeting-date\">September 8, 2025<\/div>\r\n  <div class=\"past-meeting-title\">Council Meeting<\/div>\r\n<\/a>\r\n\r\n\r\n\r\n\r\n\r\n\r\n<a href=\"https:\/\/bryson.ca\/en\/events\/council-meeting-of-minutes-14\/\" class=\"past-council-meeting-grid-item\">\r\n  <div class=\"past-meeting-date\">August 11, 2025<\/div>\r\n  <div class=\"past-meeting-title\">Council Meeting<\/div>\r\n<\/a>\r\n\r\n\r\n\r\n\r\n\r\n\r\n<a href=\"https:\/\/bryson.ca\/en\/events\/council-meeting-of-minutes-13\/\" class=\"past-council-meeting-grid-item\">\r\n  <div class=\"past-meeting-date\">July 7, 2025<\/div>\r\n  <div class=\"past-meeting-title\">Council Meeting<\/div>\r\n<\/a>\r\n\r\n\r\n\r\n\r\n\r\n\r\n<a href=\"https:\/\/bryson.ca\/en\/events\/council-meeting-of-minutes-2\/\" class=\"past-council-meeting-grid-item\">\r\n  <div class=\"past-meeting-date\">June 2, 2025<\/div>\r\n  <div class=\"past-meeting-title\">Council Meeting<\/div>\r\n<\/a>\r\n\r\n\r\n\r\n\r\n\r\n\r\n<a href=\"https:\/\/bryson.ca\/en\/events\/reunion-du-conseil-35\/\" class=\"past-council-meeting-grid-item\">\r\n  <div class=\"past-meeting-date\">May 5, 2025<\/div>\r\n  <div class=\"past-meeting-title\">Council Meeting<\/div>\r\n<\/a>\r\n\r\n\r\n\r\n\r\n\r\n\r\n<a href=\"https:\/\/bryson.ca\/en\/events\/council-meeting\/\" class=\"past-council-meeting-grid-item\">\r\n  <div class=\"past-meeting-date\">April 7, 2025<\/div>\r\n  <div class=\"past-meeting-title\">Council Meeting<\/div>\r\n<\/a>\r\n\r\n\r\n\r\n\r\n\r\n\r\n<a href=\"https:\/\/bryson.ca\/en\/events\/reunion-du-conseil-34\/\" class=\"past-council-meeting-grid-item\">\r\n  <div class=\"past-meeting-date\">April 7, 2025<\/div>\r\n  <div class=\"past-meeting-title\">Council Meeting<\/div>\r\n<\/a>\r\n\r\n\r\n\r\n\t<\/div>\r\n<\/div>\r\n\t\t\t\t<\/div>\n\t\t\t\t<\/div>\n\t\t\t\t<\/div>\n\t\t\t\t\t<\/div>\n\t\t\t\t<\/div>\n\t\t\t\t<\/div>\n\t\t","protected":false},"excerpt":{"rendered":"<p>Bryson\u2019s municipal council meetings are essential for discussing the municipality\u2019s priorities. Open to the public, they promote transparency and citizen participation. Residents are encouraged to attend to stay informed about local projects and community initiatives. The council is committed to addressing the needs of the population. Upcoming meetings Previous meetings and minutes Vous trouverez ci-dessous [&hellip;]<\/p>\n","protected":false},"author":5,"featured_media":2584,"parent":2072,"menu_order":0,"comment_status":"closed","ping_status":"closed","template":"","meta":{"_acf_changed":false,"footnotes":""},"class_list":["post-2105","page","type-page","status-publish","has-post-thumbnail","hentry"],"acf":[],"_links":{"self":[{"href":"https:\/\/bryson.ca\/en\/wp-json\/wp\/v2\/pages\/2105","targetHints":{"allow":["GET"]}}],"collection":[{"href":"https:\/\/bryson.ca\/en\/wp-json\/wp\/v2\/pages"}],"about":[{"href":"https:\/\/bryson.ca\/en\/wp-json\/wp\/v2\/types\/page"}],"author":[{"embeddable":true,"href":"https:\/\/bryson.ca\/en\/wp-json\/wp\/v2\/users\/5"}],"replies":[{"embeddable":true,"href":"https:\/\/bryson.ca\/en\/wp-json\/wp\/v2\/comments?post=2105"}],"version-history":[{"count":29,"href":"https:\/\/bryson.ca\/en\/wp-json\/wp\/v2\/pages\/2105\/revisions"}],"predecessor-version":[{"id":9408,"href":"https:\/\/bryson.ca\/en\/wp-json\/wp\/v2\/pages\/2105\/revisions\/9408"}],"up":[{"embeddable":true,"href":"https:\/\/bryson.ca\/en\/wp-json\/wp\/v2\/pages\/2072"}],"wp:featuredmedia":[{"embeddable":true,"href":"https:\/\/bryson.ca\/en\/wp-json\/wp\/v2\/media\/2584"}],"wp:attachment":[{"href":"https:\/\/bryson.ca\/en\/wp-json\/wp\/v2\/media?parent=2105"}],"curies":[{"name":"wp","href":"https:\/\/api.w.org\/{rel}","templated":true}]}}